{"id":2426,"date":"2025-01-10T17:58:40","date_gmt":"2025-01-10T17:58:40","guid":{"rendered":"https:\/\/mofafsa.org\/dia-fafsa\/"},"modified":"2025-10-02T11:22:20","modified_gmt":"2025-10-02T11:22:20","slug":"dia-fafsa","status":"publish","type":"page","link":"https:\/\/mofafsa.org\/es\/dia-fafsa\/","title":{"rendered":"D\u00eda FAFSA"},"content":{"rendered":"\n<div class=\"wp-block-uagb-container uagb-block-f5a18465 alignfull uagb-is-root-container\"><div class=\"uagb-container-inner-blocks-wrap\">\n<div class=\"wp-block-uagb-container uagb-block-e209f16e\">\n<div class=\"wp-block-uagb-advanced-heading uagb-block-637caee3\"><div class=\"uagb-separator\"><\/div><h6 class=\"uagb-heading-text\">Su atractivo encabezamiento<\/h6><\/div>\n<\/div>\n\n\n\n<div class=\"wp-block-uagb-container uagb-block-76fb3ccb\">\n<div class=\"wp-block-uagb-advanced-heading uagb-block-873ca15a\"><h1 class=\"uagb-heading-text\"><strong>D\u00eda FAFSA<\/strong><\/h1><\/div>\n<\/div>\n<\/div><\/div>\n\n<div class=\"wp-block-uagb-container uagb-block-4c701ec1 alignfull uagb-is-root-container\"><div class=\"uagb-container-inner-blocks-wrap\">\n<div class=\"wp-block-uagb-container uagb-block-00b898d5\">\n<div class=\"wp-block-uagb-advanced-heading uagb-block-3596bf90\"><h2 class=\"uagb-heading-text\"><strong>\u00a1El D\u00eda de la FAFSA es el s\u00e1bado 18 de octubre de 2025!<\/strong><\/h2><\/div>\n\n\n\n<p class=\"has-medium-font-size\">Los estudiantes de secundaria, los estudiantes universitarios actuales, las familias y los estudiantes adultos est\u00e1n todos invitados a asistir al D\u00eda FAFSA el 18 de octubre de 9 a.m. a 12 p.m.<\/p>\n\n\n\n<p class=\"has-medium-font-size\">Se trata de un evento gratuito en los campus universitarios locales para proporcionar ayuda individual o en peque\u00f1os grupos con la cumplimentaci\u00f3n y presentaci\u00f3n de la FAFSA. Es una gran oportunidad para que respondan a tus preguntas.   <\/p>\n\n\n\n<p class=\"has-medium-font-size\"><strong>Rellenando la FAFSA, podr\u00edas acceder a<\/strong>:<\/p>\n\n\n\n<ul class=\"wp-block-list\">\n<li>Subvenciones y becas estatales y federales que no tienes que devolver<\/li>\n\n\n\n<li>Programas de estudio y trabajo que te permiten ganar dinero trabajando en la escuela a la que asistes<\/li>\n\n\n\n<li>Opciones de pr\u00e9stamos estudiantiles<\/li>\n<\/ul>\n\n\n\n<div style=\"height:30px\" aria-hidden=\"true\" class=\"wp-block-spacer\"><\/div>\n\n\n\n<p><strong>Qu\u00e9 llevar:<\/strong><\/p>\n\n\n\n<ul class=\"wp-block-list\">\n<li><a href=\"https:\/\/www.uaspire.org\/getattachment\/7226d686-1f34-41f0-b03b-c7bd26564946\/FINAL-FSA-ID-How-to-Guide.pdf?lang=en-US\" target=\"_blank\" rel=\"noreferrer noopener\">Inicio de sesi\u00f3n en la cuenta de StudentAid.gov<\/a> (estudiante y contribuyente(s))<\/li>\n\n\n\n<li>N\u00fameros de la Seguridad Social (o n\u00famero de registro de extranjeros) del estudiante y del contribuyente o contribuyentes<\/li>\n\n\n\n<li>Declaraci\u00f3n de la renta 2024<\/li>\n\n\n\n<li>Registro de activos, incluida cualquier pensi\u00f3n alimenticia recibida; saldos actuales de efectivo, ahorros y cuentas corrientes, y valor neto de las inversiones.<\/li>\n\n\n\n<li>Lista de escuelas a las que solicitas plaza o nombre de la escuela actual<\/li>\n<\/ul>\n\n\n\n<div style=\"height:20px\" aria-hidden=\"true\" class=\"wp-block-spacer\"><\/div>\n\n\n\n<p class=\"has-medium-font-size\"><strong>Encuentra el evento del D\u00eda FAFSA m\u00e1s cercano utilizando el mapa de abajo<\/strong>.<\/p>\n\n\n\n<iframe loading=\"lazy\" src=\"https:\/\/www.google.com\/maps\/d\/u\/1\/embed?mid=1gx30xki7c7NTdv3FQamjtCenWeFIXKo&#038;ehbc=2E312F\" width=\"640\" height=\"480\"><\/iframe>\n<\/div>\n<\/div><\/div>\n\n<div class=\"wp-block-uagb-container uagb-block-3ecedd0e alignfull uagb-is-root-container\"><div class=\"uagb-container-inner-blocks-wrap\">\n<div class=\"wp-block-uagb-container uagb-block-38f3c6d7\">\n<div class=\"wp-block-uagb-advanced-heading uagb-block-55e5f7ab\"><h2 class=\"uagb-heading-text\"><strong>Universidades participantes<\/strong><\/h2><\/div>\n\n\n\n<div class=\"wp-block-columns is-layout-flex wp-container-core-columns-is-layout-008400e6 wp-block-columns-is-layout-flex\" style=\"margin-top:var(--wp--preset--spacing--60);margin-bottom:0\">\n<div class=\"wp-block-column is-layout-flow wp-block-column-is-layout-flow\">\n<div class=\"wp-block-uagb-modal uagb-block-7131f0b4 uagb-modal-wrapper\" data-escpress=\"enable\" data-overlayclick=\"disable\"><div class=\"uagb-spectra-button-wrapper wp-block-button\"><a class=\"uagb-modal-button-link wp-block-button__link uagb-modal-trigger\" href=\"#\" onclick=\"return false;\" target=\"_self\" rel=\"noopener noreferrer\"><span class=\"uagb-modal-content-wrapper\"><span class=\"uagb-inline-editing\">University of Central Missouri<\/span><\/span><\/a><\/div><div class=\"uagb-effect-default uagb-modal-popup uagb-block-7131f0b4 uagb-modal-type-undefined\"><div class=\"uagb-modal-popup-wrap\"><div class=\"uagb-modal-popup-content\">\n<div class=\"wp-block-uagb-info-box uagb-block-d1aeda3d uagb-infobox__content-wrap  uagb-infobox-icon-above-title uagb-infobox-image-valign-top\"><div class=\"uagb-ifb-content\"><div class=\"uagb-ifb-title-wrap\"><h3 class=\"uagb-ifb-title\">Universidad de Missouri Central<\/h3><\/div><p class=\"uagb-ifb-desc\"><strong>9 am &#8211; 12 pm<br\/><\/strong><br\/> Lugar por determinar.<br\/><br\/>Se proporcionar\u00e1n ordenadores<\/p><\/div><\/div>\n<\/div><button class=\"uagb-modal-popup-close\" aria-label=\"Close Modal\"><svg xmlns=\"https:\/\/www.w3.org\/2000\/svg\" viewBox=\"0 0 320 512\"><path d=\"M310.6 361.4c12.5 12.5 12.5 32.75 0 45.25C304.4 412.9 296.2 416 288 416s-16.38-3.125-22.62-9.375L160 301.3L54.63 406.6C48.38 412.9 40.19 416 32 416S15.63 412.9 9.375 406.6c-12.5-12.5-12.5-32.75 0-45.25l105.4-105.4L9.375 150.6c-12.5-12.5-12.5-32.75 0-45.25s32.75-12.5 45.25 0L160 210.8l105.4-105.4c12.5-12.5 32.75-12.5 45.25 0s12.5 32.75 0 45.25l-105.4 105.4L310.6 361.4z\"><\/path><\/svg><\/button><\/div><\/div><\/div>\n<\/div>\n\n\n\n<div class=\"wp-block-column is-layout-flow wp-block-column-is-layout-flow\">\n<div class=\"wp-block-uagb-modal uagb-block-133597df uagb-modal-wrapper\" data-escpress=\"enable\" data-overlayclick=\"disable\"><div class=\"uagb-spectra-button-wrapper wp-block-button\"><a class=\"uagb-modal-button-link wp-block-button__link uagb-modal-trigger\" href=\"#\" onclick=\"return false;\" target=\"_self\" rel=\"noopener noreferrer\"><span class=\"uagb-modal-content-wrapper\"><span class=\"uagb-inline-editing\">Saint Louis University<\/span><\/span><\/a><\/div><div class=\"uagb-effect-default uagb-modal-popup uagb-block-133597df uagb-modal-type-undefined\"><div class=\"uagb-modal-popup-wrap\"><div class=\"uagb-modal-popup-content\">\n<div class=\"wp-block-uagb-info-box uagb-block-60238a10 uagb-infobox__content-wrap  uagb-infobox-icon-above-title uagb-infobox-image-valign-top\"><div class=\"uagb-ifb-content\"><div class=\"uagb-ifb-title-wrap\"><h3 class=\"uagb-ifb-title\">Universidad de San Luis<\/h3><\/div><p class=\"uagb-ifb-desc\"><strong>9 am &#8211; 12 pm<br\/><\/strong><br\/> Lugar por determinar.<br\/><br\/>Se proporcionar\u00e1n ordenadores  <\/p><\/div><\/div>\n<\/div><button class=\"uagb-modal-popup-close\" aria-label=\"Close Modal\"><svg xmlns=\"https:\/\/www.w3.org\/2000\/svg\" viewBox=\"0 0 320 512\"><path d=\"M310.6 361.4c12.5 12.5 12.5 32.75 0 45.25C304.4 412.9 296.2 416 288 416s-16.38-3.125-22.62-9.375L160 301.3L54.63 406.6C48.38 412.9 40.19 416 32 416S15.63 412.9 9.375 406.6c-12.5-12.5-12.5-32.75 0-45.25l105.4-105.4L9.375 150.6c-12.5-12.5-12.5-32.75 0-45.25s32.75-12.5 45.25 0L160 210.8l105.4-105.4c12.5-12.5 32.75-12.5 45.25 0s12.5 32.75 0 45.25l-105.4 105.4L310.6 361.4z\"><\/path><\/svg><\/button><\/div><\/div><\/div>\n<\/div>\n\n\n\n<div class=\"wp-block-column is-layout-flow wp-block-column-is-layout-flow\">\n<div class=\"wp-block-uagb-modal uagb-block-243aa27e uagb-modal-wrapper\" data-escpress=\"enable\" data-overlayclick=\"disable\"><div class=\"uagb-spectra-button-wrapper wp-block-button\"><a class=\"uagb-modal-button-link wp-block-button__link uagb-modal-trigger\" href=\"#\" onclick=\"return false;\" target=\"_self\" rel=\"noopener noreferrer\"><span class=\"uagb-modal-content-wrapper\"><span class=\"uagb-inline-editing\">Cottey College<\/span><\/span><\/a><\/div><div class=\"uagb-effect-default uagb-modal-popup uagb-block-243aa27e uagb-modal-type-undefined\"><div class=\"uagb-modal-popup-wrap\"><div class=\"uagb-modal-popup-content\">\n<div class=\"wp-block-uagb-info-box uagb-block-9869c5a3 uagb-infobox__content-wrap  uagb-infobox-icon-above-title uagb-infobox-image-valign-top\"><div class=\"uagb-ifb-content\"><div class=\"uagb-ifb-title-wrap\"><h3 class=\"uagb-ifb-title\">Colegio Cottey<\/h3><\/div><p class=\"uagb-ifb-desc\"><strong>9 am &#8211; 12 pm<br\/><\/strong><br\/> Lugar por determinar.<br\/><br\/>Por favor, trae contigo un ordenador o tablet<\/p><\/div><\/div>\n<\/div><button class=\"uagb-modal-popup-close\" aria-label=\"Close Modal\"><svg xmlns=\"https:\/\/www.w3.org\/2000\/svg\" viewBox=\"0 0 320 512\"><path d=\"M310.6 361.4c12.5 12.5 12.5 32.75 0 45.25C304.4 412.9 296.2 416 288 416s-16.38-3.125-22.62-9.375L160 301.3L54.63 406.6C48.38 412.9 40.19 416 32 416S15.63 412.9 9.375 406.6c-12.5-12.5-12.5-32.75 0-45.25l105.4-105.4L9.375 150.6c-12.5-12.5-12.5-32.75 0-45.25s32.75-12.5 45.25 0L160 210.8l105.4-105.4c12.5-12.5 32.75-12.5 45.25 0s12.5 32.75 0 45.25l-105.4 105.4L310.6 361.4z\"><\/path><\/svg><\/button><\/div><\/div><\/div>\n<\/div>\n<\/div>\n\n\n\n<div class=\"wp-block-columns is-layout-flex wp-container-core-columns-is-layout-008400e6 wp-block-columns-is-layout-flex\" style=\"margin-top:var(--wp--preset--spacing--60);margin-bottom:0\">\n<div class=\"wp-block-column is-layout-flow wp-block-column-is-layout-flow\"><\/div>\n\n\n\n<div class=\"wp-block-column is-layout-flow wp-block-column-is-layout-flow\"><\/div>\n\n\n\n<div class=\"wp-block-column is-layout-flow wp-block-column-is-layout-flow\"><\/div>\n<\/div>\n\n\n\n<div class=\"wp-block-columns is-layout-flex wp-container-core-columns-is-layout-008400e6 wp-block-columns-is-layout-flex\" style=\"margin-top:var(--wp--preset--spacing--60);margin-bottom:0\">\n<div class=\"wp-block-column is-layout-flow wp-block-column-is-layout-flow\"><\/div>\n\n\n\n<div class=\"wp-block-column is-layout-flow wp-block-column-is-layout-flow\"><\/div>\n\n\n\n<div class=\"wp-block-column is-layout-flow wp-block-column-is-layout-flow\"><\/div>\n<\/div>\n<\/div>\n<\/div><\/div>\n","protected":false},"excerpt":{"rendered":"<p>Su atractivo encabezamiento D\u00eda FAFSA \u00a1El D\u00eda de la FAFSA es el s\u00e1bado 18 de octubre de 2025! Los estudiantes de secundaria, los estudiantes universitarios actuales, las familias y los estudiantes adultos est\u00e1n todos invitados a asistir al D\u00eda FAFSA el 18 de octubre de 9 a.m. a 12 p.m. Se trata de un evento [&hellip;]<\/p>\n","protected":false},"author":1,"featured_media":0,"parent":0,"menu_order":0,"comment_status":"closed","ping_status":"closed","template":"","meta":{"om_disable_all_campaigns":false,"_uag_custom_page_level_css":"","_monsterinsights_skip_tracking":false,"_monsterinsights_sitenote_active":false,"_monsterinsights_sitenote_note":"","_monsterinsights_sitenote_category":0,"_uf_show_specific_survey":0,"_uf_disable_surveys":false,"site-sidebar-layout":"default","site-content-layout":"","ast-site-content-layout":"default","site-content-style":"default","site-sidebar-style":"default","ast-global-header-display":"","ast-banner-title-visibility":"","ast-main-header-display":"","ast-hfb-above-header-display":"","ast-hfb-below-header-display":"","ast-hfb-mobile-header-display":"","site-post-title":"","ast-breadcrumbs-content":"","ast-featured-img":"","footer-sml-layout":"","ast-disable-related-posts":"","theme-transparent-header-meta":"","adv-header-id-meta":"","stick-header-meta":"","header-above-stick-meta":"","header-main-stick-meta":"","header-below-stick-meta":"","astra-migrate-meta-layouts":"default","ast-page-background-enabled":"default","ast-page-background-meta":{"desktop":{"background-color":"var(--ast-global-color-4)","background-image":"","background-repeat":"repeat","background-position":"center center","background-size":"auto","background-attachment":"scroll","background-type":"","background-media":"","overlay-type":"","overlay-color":"","overlay-opacity":"","overlay-gradient":""},"tablet":{"background-color":"","background-image":"","background-repeat":"repeat","background-position":"center center","background-size":"auto","background-attachment":"scroll","background-type":"","background-media":"","overlay-type":"","overlay-color":"","overlay-opacity":"","overlay-gradient":""},"mobile":{"background-color":"","background-image":"","background-repeat":"repeat","background-position":"center center","background-size":"auto","background-attachment":"scroll","background-type":"","background-media":"","overlay-type":"","overlay-color":"","overlay-opacity":"","overlay-gradient":""}},"ast-content-background-meta":{"desktop":{"background-color":"var(--ast-global-color-5)","background-image":"","background-repeat":"repeat","background-position":"center center","background-size":"auto","background-attachment":"scroll","background-type":"","background-media":"","overlay-type":"","overlay-color":"","overlay-opacity":"","overlay-gradient":""},"tablet":{"background-color":"var(--ast-global-color-5)","background-image":"","background-repeat":"repeat","background-position":"center center","background-size":"auto","background-attachment":"scroll","background-type":"","background-media":"","overlay-type":"","overlay-color":"","overlay-opacity":"","overlay-gradient":""},"mobile":{"background-color":"var(--ast-global-color-5)","background-image":"","background-repeat":"repeat","background-position":"center center","background-size":"auto","background-attachment":"scroll","background-type":"","background-media":"","overlay-type":"","overlay-color":"","overlay-opacity":"","overlay-gradient":""}},"footnotes":""},"class_list":["post-2426","page","type-page","status-publish","hentry"],"aioseo_notices":[],"uagb_featured_image_src":{"full":false,"thumbnail":false,"medium":false,"medium_large":false,"large":false,"1536x1536":false,"2048x2048":false,"gform-image-choice-sm":false,"gform-image-choice-md":false,"gform-image-choice-lg":false},"uagb_author_info":{"display_name":"mofafsa_admin","author_link":"https:\/\/mofafsa.org\/es\/author\/mofafsa_admin\/"},"uagb_comment_info":0,"uagb_excerpt":"Su atractivo encabezamiento D\u00eda FAFSA \u00a1El D\u00eda de la FAFSA es el s\u00e1bado 18 de octubre de 2025! Los estudiantes de secundaria, los estudiantes universitarios actuales, las familias y los estudiantes adultos est\u00e1n todos invitados a asistir al D\u00eda FAFSA el 18 de octubre de 9 a.m. a 12 p.m. Se trata de un evento&hellip;","_links":{"self":[{"href":"https:\/\/mofafsa.org\/es\/wp-json\/wp\/v2\/pages\/2426","targetHints":{"allow":["GET"]}}],"collection":[{"href":"https:\/\/mofafsa.org\/es\/wp-json\/wp\/v2\/pages"}],"about":[{"href":"https:\/\/mofafsa.org\/es\/wp-json\/wp\/v2\/types\/page"}],"author":[{"embeddable":true,"href":"https:\/\/mofafsa.org\/es\/wp-json\/wp\/v2\/users\/1"}],"replies":[{"embeddable":true,"href":"https:\/\/mofafsa.org\/es\/wp-json\/wp\/v2\/comments?post=2426"}],"version-history":[{"count":13,"href":"https:\/\/mofafsa.org\/es\/wp-json\/wp\/v2\/pages\/2426\/revisions"}],"predecessor-version":[{"id":2550,"href":"https:\/\/mofafsa.org\/es\/wp-json\/wp\/v2\/pages\/2426\/revisions\/2550"}],"wp:attachment":[{"href":"https:\/\/mofafsa.org\/es\/wp-json\/wp\/v2\/media?parent=2426"}],"curies":[{"name":"wp","href":"https:\/\/api.w.org\/{rel}","templated":true}]}}