{"id":1637,"date":"2023-09-05T16:58:22","date_gmt":"2023-09-05T16:58:22","guid":{"rendered":"https:\/\/mofafsa.org\/consejeros\/"},"modified":"2025-10-01T22:06:05","modified_gmt":"2025-10-01T22:06:05","slug":"consejeros","status":"publish","type":"page","link":"https:\/\/mofafsa.org\/es\/consejeros\/","title":{"rendered":"Consejeros"},"content":{"rendered":"\n<div class=\"wp-block-uagb-container uagb-block-f5a18465 alignfull uagb-is-root-container\"><div class=\"uagb-container-inner-blocks-wrap\">\n<div class=\"wp-block-uagb-container uagb-block-e209f16e\">\n<div class=\"wp-block-uagb-advanced-heading uagb-block-637caee3\"><div class=\"uagb-separator\"><\/div><h6 class=\"uagb-heading-text\">Su atractivo encabezamiento<\/h6><\/div>\n<\/div>\n\n\n\n<div class=\"wp-block-uagb-container uagb-block-76fb3ccb\">\n<div class=\"wp-block-uagb-advanced-heading uagb-block-873ca15a\"><h1 class=\"uagb-heading-text\">Consejeros y asesores<\/h1><\/div>\n<\/div>\n<\/div><\/div>\n\n<div class=\"wp-block-uagb-container uagb-block-4c701ec1 alignfull uagb-is-root-container\"><div class=\"uagb-container-inner-blocks-wrap\">\n<div class=\"wp-block-uagb-container uagb-block-00b898d5\">\n<p><\/p>\n\n\n\n<div class=\"wp-block-uagb-advanced-heading uagb-block-37326b08\"><h2 class=\"uagb-heading-text\">La FAFSA 2026-2027 ya est\u00e1 abierta.  <\/h2><\/div>\n\n\n\n<hr class=\"wp-block-separator has-alpha-channel-opacity\"\/>\n<\/div>\n<\/div><\/div>\n\n<div class=\"wp-block-uagb-advanced-heading uagb-block-c232b217\"><h6 class=\"uagb-heading-text\">01<\/h6><\/div>\n\n<div class=\"wp-block-uagb-advanced-heading uagb-block-923c8ddc\"><h5 class=\"uagb-heading-text\">Formaci\u00f3n<\/h5><\/div>\n\n<div class=\"wp-block-columns alignwide is-layout-flex wp-container-core-columns-is-layout-28f84493 wp-block-columns-is-layout-flex\">\n<div class=\"wp-block-column is-vertically-aligned-center is-layout-flow wp-block-column-is-layout-flow\" style=\"flex-basis:100%\">\n<p style=\"margin-top:var(--wp--preset--spacing--40);font-size:26px\">Los departamentos de Missouri College and Career Attainment Network (MOCAN), Missouri Association of Student Financial Aid Personnel (MASFAP) y Missouri Department of Higher Education and Workforce Development (MDHEWD) est\u00e1n trabajando juntos con socios en todo el estado para asegurarse de que usted \u2013 sus estudiantes y familias \u2013 tengan el apoyo que necesitan.<\/p>\n\n\n\n<div class=\"wp-block-uagb-container uagb-block-f9b69f8c alignfull uagb-is-root-container\"><div class=\"uagb-container-inner-blocks-wrap\">\n<div class=\"wp-block-uagb-container uagb-block-f9a66d51\"><\/div>\n\n\n\n<div class=\"wp-block-uagb-container uagb-block-c1cc1c4d\">\n<div class=\"wp-block-media-text is-stacked-on-mobile\"><figure class=\"wp-block-media-text__media\"><img loading=\"lazy\" decoding=\"async\" width=\"675\" height=\"675\" src=\"https:\/\/mofafsa.org\/wp-content\/uploads\/2023\/09\/Untitled-design-1.png\" alt=\"\" class=\"wp-image-1397 size-full\" srcset=\"https:\/\/mofafsa.org\/wp-content\/uploads\/2023\/09\/Untitled-design-1.png 675w, https:\/\/mofafsa.org\/wp-content\/uploads\/2023\/09\/Untitled-design-1-300x300.png 300w, https:\/\/mofafsa.org\/wp-content\/uploads\/2023\/09\/Untitled-design-1-150x150.png 150w\" sizes=\"auto, (max-width: 675px) 100vw, 675px\" \/><\/figure><div class=\"wp-block-media-text__content\">\n<p class=\"has-medium-font-size\">El Instituto de Desarrollo Profesional (PDI) de MOCAN ofrece talleres GRATUITOS para orientadores escolares, asesores universitarios y profesionales, personal de ayuda financiera y otros profesionales.<\/p>\n\n\n\n<p class=\"has-medium-font-size\">Para inscribirte en nuestra lista de correo electr\u00f3nico para recibir informaci\u00f3n actualizada sobre los talleres, <a href=\"https:\/\/mocollegecareer.org\/subscribe\/\">haz clic aqu\u00ed<\/a>.<\/p>\n\n\n\n<p class=\"has-medium-font-size\">Inscr\u00edbase en todos los talleres a trav\u00e9s del <a href=\"https:\/\/mocollegecareer.org\/events\/\" data-type=\"link\" data-id=\"https:\/\/mocollegecareer.org\/events\/\">sitio web de MOCAN<\/a>.<\/p>\n\n\n\n<p class=\"has-medium-font-size\">Todos los talleres virtuales se graban y los materiales se comparten a trav\u00e9s del sitio Canvas de MOCAN. Para acceder al sitio Canvas, utiliza <a href=\"https:\/\/forms.gle\/Pe8dmxt6sp5J8Gqu6\" target=\"_blank\" rel=\"noopener\" title=\"\">este enlace<\/a>. <\/p>\n<\/div><\/div>\n<\/div>\n<\/div><\/div>\n<\/div>\n<\/div>\n\n<figure class=\"wp-block-table\"><table class=\"has-fixed-layout\"><tbody><tr><td>Fecha<\/td><td>Ubicaci\u00f3n<\/td><td>Tema<\/td><td>Enlace de inscripci\u00f3n<\/td><\/tr><tr><td>9-11-25<\/td><td>Virtual<\/td><td>Introducci\u00f3n a la ayuda financiera con uAspire<\/td><td><a href=\"https:\/\/mocollegecareer.org\/event\/pdi-introduction-to-financial-aid-with-uaspire\/\" title=\"\">Reg\u00edstrate aqu\u00ed<\/a><\/td><\/tr><tr><td>9-17-25<\/td><td>Universidad Estatal del Oeste de Missouri (St. Joseph)<\/td><td>Taller para Consejeros de Secundaria MASFAP<\/td><td><a href=\"https:\/\/mocollegecareer.org\/event\/pdi-masfap-high-school-counselor-workshop-st-joseph\/\" title=\"\">Reg\u00edstrate aqu\u00ed<\/a><\/td><\/tr><tr><td>9-19-25<\/td><td>Columbia College (Columbia)<\/td><td>Taller para Consejeros de Secundaria MASFAP<\/td><td><a href=\"https:\/\/mocollegecareer.org\/event\/pdi-masfap-high-school-counselor-workshop-columbia\/\" title=\"\">Reg\u00edstrate aqu\u00ed<\/a><\/td><\/tr><tr><td>9-23-25<\/td><td>Universidad de Ciencia y Tecnolog\u00eda de Missouri (Rolla)<\/td><td>Taller para Consejeros de Secundaria MASFAP<\/td><td><a href=\"https:\/\/mocollegecareer.org\/event\/pdi-masfap-high-school-counselor-workshop-rolla\/\" title=\"\">Reg\u00edstrate aqu\u00ed<\/a><\/td><\/tr><tr><td>9-26-25<\/td><td>Virtual<\/td><td>Cumplimentaci\u00f3n de la FAFSA, Parte 1 con uAspire<\/td><td><a href=\"https:\/\/mocollegecareer.org\/event\/pdi-fafsa-completion-part-i-with-uaspire\/\" title=\"\">Reg\u00edstrate aqu\u00ed<\/a><\/td><\/tr><tr><td>9-30-25<\/td><td>Universidad Estatal de Truman (Kirksville)<\/td><td>Taller para Consejeros de Secundaria MASFAP<\/td><td><a href=\"https:\/\/mocollegecareer.org\/event\/pdi-masfap-high-school-counselor-workshop-kirksville\/\" title=\"\">Reg\u00edstrate aqu\u00ed<\/a><\/td><\/tr><tr><td>10-1-25<\/td><td>Facultad de Enfermer\u00eda y Ciencias de la Salud del Sudeste de Salud (Cape Girardeau)<\/td><td>Taller para Consejeros de Secundaria MASFAP<\/td><td><a href=\"https:\/\/mocollegecareer.org\/event\/pdi-masfap-high-school-counselor-workshop-cape-girardeau\/\" title=\"\">Reg\u00edstrate aqu\u00ed<\/a><\/td><\/tr><tr><td>10-2-25<\/td><td>North Central Missouri College (Trenton)<\/td><td>Taller para Consejeros de Secundaria MASFAP<\/td><td><a href=\"https:\/\/mocollegecareer.org\/event\/pdi-masfap-high-school-counselor-workshop-trenton\/\" title=\"\">Reg\u00edstrate aqu\u00ed<\/a><\/td><\/tr><tr><td>10-3-25<\/td><td>Virtual<\/td><td>Cumplimentaci\u00f3n de la FAFSA, 2\u00aa parte con uAspire  <\/td><td><a href=\"https:\/\/mocollegecareer.org\/event\/pdi-fafsa-completion-part-ii-with-uaspire\/\" title=\"\">Reg\u00edstrate aqu\u00ed<\/a><\/td><\/tr><tr><td>10-7-25<\/td><td>State Fair Community College (Sedalia)<\/td><td>Taller para Consejeros de Secundaria MASFAP<\/td><td><a href=\"https:\/\/mocollegecareer.org\/event\/pdi-masfap-high-school-counselor-workshop-sedalia\/\" title=\"\">Reg\u00edstrate aqu\u00ed<\/a><\/td><\/tr><tr><td>10-8-25<\/td><td>Universidad Drury (Springfield)<\/td><td>Taller para Consejeros de Secundaria MASFAP<\/td><td><a href=\"https:\/\/mocollegecareer.org\/event\/pdi-masfap-high-school-counselor-workshop-springfield\/\" title=\"\">Reg\u00edstrate aqu\u00ed<\/a><\/td><\/tr><tr><td>10-8-25<\/td><td>Universidad de Washington en San Luis (San Luis)<\/td><td>Taller para Consejeros de Secundaria MASFAP<\/td><td><a href=\"https:\/\/mocollegecareer.org\/event\/pdi-masfap-high-school-counselor-workshop-st-louis\/\" title=\"\">Reg\u00edstrate aqu\u00ed<\/a><\/td><\/tr><tr><td>10-9-25<\/td><td>Universidad Comunitaria de Three Rivers (Poplar Bluff)<\/td><td>Taller para Consejeros de Secundaria MASFAP<\/td><td><a href=\"https:\/\/mocollegecareer.org\/event\/pdi-masfap-high-school-counselor-workshop-poplar-bluff\/\" title=\"\">Reg\u00edstrate aqu\u00ed<\/a><\/td><\/tr><tr><td>10-10-25<\/td><td>Universidad Estatal del Sur de Missouri (Joplin)<\/td><td>Taller para Consejeros de Secundaria MASFAP<\/td><td><a href=\"https:\/\/mocollegecareer.org\/event\/pdi-masfap-high-school-counselor-workshop-joplin\/\" title=\"\">Reg\u00edstrate aqu\u00ed<\/a><\/td><\/tr><tr><td>10-30-25<\/td><td>Virtual<\/td><td>Actualizaci\u00f3n de la ayuda estatal y preguntas frecuentes sobre la FAFSA<\/td><td><a href=\"https:\/\/mocollegecareer.org\/event\/pdi-state-aid-update-fafsa-faq\/\" title=\"\">Reg\u00edstrate aqu\u00ed  <\/a><\/td><\/tr><tr><td>11-6-25<\/td><td>Virtual<\/td><td>Asesoramiento a los estudiantes deportistas que van a la universidad<\/td><td><a href=\"https:\/\/mocollegecareer.org\/event\/pdi-advising-college-bound-student-athletes-2\/\" title=\"\">Reg\u00edstrate aqu\u00ed  <\/a><\/td><\/tr><\/tbody><\/table><\/figure>\n\n<div class=\"wp-block-uagb-container uagb-block-96e8fbfa alignfull uagb-is-root-container\"><div class=\"uagb-container-inner-blocks-wrap\">\n<div class=\"wp-block-uagb-container uagb-block-739281b0 alignfull uagb-is-root-container\"><div class=\"uagb-container-inner-blocks-wrap\">\n<div class=\"wp-block-uagb-container uagb-block-9707ca6c\">\n<div class=\"wp-block-uagb-advanced-heading uagb-block-86a03f37\"><h6 class=\"uagb-heading-text\">02<\/h6><\/div>\n\n\n\n<div class=\"wp-block-uagb-advanced-heading uagb-block-c0d56b79\"><h5 class=\"uagb-heading-text\">Enlaces y recursos<\/h5><\/div>\n<\/div>\n\n\n\n<div class=\"wp-block-uagb-container uagb-block-e09be1a6\">\n<div class=\"wp-block-uagb-advanced-heading uagb-block-936d85c9\"><h3 class=\"uagb-heading-text\">Ayuda Federal para Estudiantes<\/h3><\/div>\n\n\n\n<div class=\"wp-block-uagb-advanced-heading uagb-block-cee97cbe\"><p class=\"uagb-heading-text\">La FAFSA es un formulario de Ayuda Federal para Estudiantes del Departamento de Educaci\u00f3n de los Estados Unidos. Este sitio enlaza con la FAFSA y proporciona la mejor informaci\u00f3n sobre c\u00f3mo cumplimentarla.<\/p><\/div>\n\n\n\n<div class=\"wp-block-uagb-buttons uagb-buttons__outer-wrap uagb-btn__default-btn uagb-btn-tablet__default-btn uagb-btn-mobile__default-btn uagb-block-bb03a7ef\"><div class=\"uagb-buttons__wrap uagb-buttons-layout-wrap \">\n<div class=\"wp-block-uagb-buttons-child uagb-buttons__outer-wrap uagb-block-6afcd7c3 wp-block-button\"><div class=\"uagb-button__wrapper\"><a class=\"uagb-buttons-repeater wp-block-button__link\" aria-label=\"\" href=\"https:\/\/studentaid.gov\/h\/apply-for-aid\/fafsa\" rel=\"follow noopener\" target=\"_blank\" role=\"button\"><div class=\"uagb-button__link\">StudentAid.gov<\/div><\/a><\/div><\/div>\n<\/div><\/div>\n<\/div>\n\n\n\n<div class=\"wp-block-uagb-container uagb-block-960ed61b\">\n<div class=\"wp-block-uagb-advanced-heading uagb-block-6a3b3a0a\"><h3 class=\"uagb-heading-text\">uAspire<\/h3><\/div>\n\n\n\n<div class=\"wp-block-uagb-advanced-heading uagb-block-0df4a9ee\"><p class=\"uagb-heading-text\">La organizaci\u00f3n nacional sin \u00e1nimo de lucro uAspire tiene listas de comprobaci\u00f3n y herramientas f\u00e1ciles de seguir para los estudiantes que tengan preguntas sobre la FAFSA y la ayuda econ\u00f3mica, incluidos v\u00eddeos cortos sobre cada paso del proceso FAFSA.<\/p><\/div>\n\n\n\n<div class=\"wp-block-uagb-buttons uagb-buttons__outer-wrap uagb-btn__default-btn uagb-btn-tablet__default-btn uagb-btn-mobile__default-btn uagb-block-8b62ac79\"><div class=\"uagb-buttons__wrap uagb-buttons-layout-wrap \">\n<div class=\"wp-block-uagb-buttons-child uagb-buttons__outer-wrap uagb-block-e6fe8fd9 wp-block-button\"><div class=\"uagb-button__wrapper\"><a class=\"uagb-buttons-repeater wp-block-button__link\" aria-label=\"\" href=\"https:\/\/www.uaspire.org\/For-Students\" rel=\"follow noopener\" target=\"_blank\" role=\"button\"><div class=\"uagb-button__link\">uAspire<\/div><\/a><\/div><\/div>\n<\/div><\/div>\n<\/div>\n\n\n\n<div class=\"wp-block-uagb-container uagb-block-8af8f626\">\n<div class=\"wp-block-uagb-advanced-heading uagb-block-08e59673\"><h3 class=\"uagb-heading-text\">Red nacional de acceso a la universidad  <\/h3><\/div>\n\n\n\n<div class=\"wp-block-uagb-advanced-heading uagb-block-30d609c9\"><p class=\"uagb-heading-text\">La NCAN ha creado varios conjuntos de herramientas para ayudar a los profesionales que asesoran a los estudiantes.<\/p><\/div>\n\n\n\n<div class=\"wp-block-uagb-buttons uagb-buttons__outer-wrap uagb-btn__default-btn uagb-btn-tablet__default-btn uagb-btn-mobile__default-btn uagb-block-11ac367b\"><div class=\"uagb-buttons__wrap uagb-buttons-layout-wrap \">\n<div class=\"wp-block-uagb-buttons-child uagb-buttons__outer-wrap uagb-block-24447870 wp-block-button\"><div class=\"uagb-button__wrapper\"><a class=\"uagb-buttons-repeater wp-block-button__link\" aria-label=\"\" href=\"https:\/\/www.ncan.org\/page\/FAFSA\" rel=\"follow noopener\" target=\"_self\" role=\"button\"><div class=\"uagb-button__link\">Recursos de la NCAN<\/div><\/a><\/div><\/div>\n<\/div><\/div>\n<\/div>\n<\/div><\/div>\n\n\n\n<div class=\"wp-block-uagb-container uagb-block-0c825417 alignfull uagb-is-root-container\"><div class=\"uagb-container-inner-blocks-wrap\">\n<div class=\"wp-block-uagb-container uagb-block-6f5d9d74\">\n<div class=\"wp-block-uagb-advanced-heading uagb-block-4b7bdccc\"><\/div>\n\n\n\n<div class=\"wp-block-uagb-advanced-heading uagb-block-d6e1f493\"><\/div>\n<\/div>\n\n\n\n<div class=\"wp-block-uagb-container uagb-block-fe5ee6df\">\n<div class=\"wp-block-uagb-advanced-heading uagb-block-54c5bc46\"><h3 class=\"uagb-heading-text\">MASFAP<\/h3><\/div>\n\n\n\n<p>La Asociaci\u00f3n de Personal de Ayuda Financiera Estudiantil de Missouri (MASFAP) est\u00e1 organizando 14 talleres de ayuda financiera en persona con MOCAN este oto\u00f1o y organizar\u00e1 eventos de recorrido FAFSA una vez que la FAFSA est\u00e9 abierta. MASFAP tambi\u00e9n proporciona oradores sobre la FAFSA para eventos escolares y comunitarios. <\/p>\n\n\n\n<div class=\"wp-block-uagb-buttons uagb-buttons__outer-wrap uagb-btn__default-btn uagb-btn-tablet__default-btn uagb-btn-mobile__default-btn uagb-block-85d8f6d4\"><div class=\"uagb-buttons__wrap uagb-buttons-layout-wrap \">\n<div class=\"wp-block-uagb-buttons-child uagb-buttons__outer-wrap uagb-block-47c47105 wp-block-button\"><div class=\"uagb-button__wrapper\"><a class=\"uagb-buttons-repeater wp-block-button__link\" aria-label=\"\" href=\"https:\/\/masfap.memberclicks.net\/high-school-counselors\" rel=\"follow noopener\" target=\"_blank\" role=\"button\"><div class=\"uagb-button__link\">MASFAP<\/div><\/a><\/div><\/div>\n<\/div><\/div>\n<\/div>\n\n\n\n<div class=\"wp-block-uagb-container uagb-block-b07181db\">\n<div class=\"wp-block-uagb-advanced-heading uagb-block-ff45a75d\"><h3 class=\"uagb-heading-text\">Viaje a la universidad<\/h3><\/div>\n\n\n\n<p>El Departamento de Educaci\u00f3n Superior y Desarrollo Laboral de Missouri tiene un sitio web con consejos y recursos de planificaci\u00f3n para los estudiantes que van a la universidad. Journey to College organiza eventos FAFSA Frenzy en todo el estado para ayudar a los estudiantes a completar la FAFSA. Si es usted un consejero usted puede solicitar un presentadores para dichos eventos.  <\/p>\n\n\n\n<div class=\"wp-block-uagb-buttons uagb-buttons__outer-wrap uagb-btn__default-btn uagb-btn-tablet__default-btn uagb-btn-mobile__default-btn uagb-block-43a95f9f\"><div class=\"uagb-buttons__wrap uagb-buttons-layout-wrap \">\n<div class=\"wp-block-uagb-buttons-child uagb-buttons__outer-wrap uagb-block-d07d369e wp-block-button\"><div class=\"uagb-button__wrapper\"><a class=\"uagb-buttons-repeater wp-block-button__link\" aria-label=\"\" href=\"https:\/\/journeytocollege.mo.gov\/fafsa-info\/\" rel=\"follow noopener\" target=\"_blank\" role=\"button\"><div class=\"uagb-button__link\">Viaje a la universidad<\/div><\/a><\/div><\/div>\n<\/div><\/div>\n<\/div>\n\n\n\n<div class=\"wp-block-uagb-container uagb-block-4a254a45\">\n<div class=\"wp-block-uagb-advanced-heading uagb-block-275c77d1\"><h3 class=\"uagb-heading-text\">Fundaci\u00f3n de Becas de St.<\/h3><\/div>\n\n\n\n<p>La Scholarship Foundation of St. Louis ofrece talleres gratuitos y cl\u00ednicas en persona (s\u00f3lo con cita previa) para ayudar a los estudiantes y a las familias a navegar por el proceso de ayuda financiera. Esto incluir\u00e1 talleres espec\u00edficos de FAFSA este a\u00f1o. <\/p>\n\n\n\n<div class=\"wp-block-uagb-buttons uagb-buttons__outer-wrap uagb-btn__default-btn uagb-btn-tablet__default-btn uagb-btn-mobile__default-btn uagb-block-a30ca3f2\"><div class=\"uagb-buttons__wrap uagb-buttons-layout-wrap \">\n<div class=\"wp-block-uagb-buttons-child uagb-buttons__outer-wrap uagb-block-78bc7298 wp-block-button\"><div class=\"uagb-button__wrapper\"><a class=\"uagb-buttons-repeater wp-block-button__link\" aria-label=\"\" href=\"https:\/\/sfstl.org\/advice-assistance\/resources\/\" rel=\"follow noopener\" target=\"_self\" role=\"button\"><div class=\"uagb-button__link\">Recursos de la SFSTL<\/div><\/a><\/div><\/div>\n<\/div><\/div>\n<\/div>\n<\/div><\/div>\n\n\n\n<div class=\"wp-block-uagb-container uagb-block-8640159f alignfull uagb-is-root-container\"><div class=\"uagb-container-inner-blocks-wrap\">\n<div class=\"wp-block-uagb-container uagb-block-294c9d96\">\n<div class=\"wp-block-uagb-advanced-heading uagb-block-6e58fb0e\"><\/div>\n\n\n\n<div class=\"wp-block-uagb-advanced-heading uagb-block-8396d67e\"><\/div>\n<\/div>\n\n\n\n<div class=\"wp-block-uagb-container uagb-block-cd3c51aa\">\n<div class=\"wp-block-uagb-advanced-heading uagb-block-289c76f0\"><h3 class=\"uagb-heading-text\">Recursos FAFSA<\/h3><\/div>\n\n\n\n<p>Amplios recursos disponibles en espa\u00f1ol e ingl\u00e9s. Incluye informaci\u00f3n sobre c\u00f3mo configurar su FSA ID, completar la FAFSA y qu\u00e9 hacer despu\u00e9s de presentar el formulario. Incluye entradas de blog y v\u00eddeos.    <\/p>\n\n\n\n<div class=\"wp-block-uagb-buttons uagb-buttons__outer-wrap uagb-btn__default-btn uagb-btn-tablet__default-btn uagb-btn-mobile__default-btn uagb-block-07411780\"><div class=\"uagb-buttons__wrap uagb-buttons-layout-wrap \">\n<div class=\"wp-block-uagb-buttons-child uagb-buttons__outer-wrap uagb-block-b2d99302 wp-block-button\"><div class=\"uagb-button__wrapper\"><a class=\"uagb-buttons-repeater wp-block-button__link\" aria-label=\"\" href=\"https:\/\/docs.google.com\/document\/d\/1ESLULj4NVWp3ITTdbnUEo2NzO8j2Y7vMD6dF0xC9wWE\/edit\" rel=\"follow noopener\" target=\"_blank\" role=\"button\"><div class=\"uagb-button__link\">Aprender<\/div><\/a><\/div><\/div>\n<\/div><\/div>\n<\/div>\n\n\n\n<div class=\"wp-block-uagb-container uagb-block-387ca608\">\n<div class=\"wp-block-uagb-advanced-heading uagb-block-48a8f274\"><h3 class=\"uagb-heading-text\">Iniciativa FAFSA de Kansas City<\/h3><\/div>\n\n\n\n<p>\u00bfBusca ayuda en la regi\u00f3n de Kansas City? A trav\u00e9s de MOCAN, el \u00e1rea metropolitana de Kansas City tiene acceso a un especialista de apoyo FAFSA para coordinar y apoyar los esfuerzos de finalizaci\u00f3n FAFSA en persona y virtualmente. <\/p>\n\n\n\n<div class=\"wp-block-uagb-buttons uagb-buttons__outer-wrap uagb-btn__default-btn uagb-btn-tablet__default-btn uagb-btn-mobile__default-btn uagb-block-539163da\"><div class=\"uagb-buttons__wrap uagb-buttons-layout-wrap \">\n<div class=\"wp-block-uagb-buttons-child uagb-buttons__outer-wrap uagb-block-cc542165 wp-block-button\"><div class=\"uagb-button__wrapper\"><a class=\"uagb-buttons-repeater wp-block-button__link\" aria-label=\"\" href=\"https:\/\/mofafsa.org\/es\/estudiantes-4\/\" rel=\"follow noopener\" target=\"_blank\" role=\"button\"><div class=\"uagb-button__link\">KC FAFSA Recursos<\/div><\/a><\/div><\/div>\n<\/div><\/div>\n<\/div>\n\n\n\n<div class=\"wp-block-uagb-container uagb-block-14f847a4\">\n<div class=\"wp-block-uagb-advanced-heading uagb-block-15ab66d3\"><\/div>\n\n\n\n<p><\/p>\n\n\n\n<div class=\"wp-block-uagb-buttons uagb-buttons__outer-wrap uagb-btn__default-btn uagb-btn-tablet__default-btn uagb-btn-mobile__default-btn uagb-block-b1101790\"><div class=\"uagb-buttons__wrap uagb-buttons-layout-wrap \">\n<div class=\"wp-block-uagb-buttons-child uagb-buttons__outer-wrap uagb-block-0e5f3b38 wp-block-button\"><div class=\"uagb-button__wrapper\"><a class=\"uagb-buttons-repeater wp-block-button__link\" aria-label=\"\" href=\"#\" rel=\"follow noopener\" target=\"_self\" role=\"button\"><div class=\"uagb-button__link\"><\/div><\/a><\/div><\/div>\n<\/div><\/div>\n<\/div>\n<\/div><\/div>\n<\/div><\/div>\n","protected":false},"excerpt":{"rendered":"<p>Su atractivo encabezamiento Consejeros y asesores La FAFSA 2026-2027 ya est\u00e1 abierta. 01 Formaci\u00f3n Los departamentos de Missouri College and Career Attainment Network (MOCAN), Missouri Association of Student Financial Aid Personnel (MASFAP) y Missouri Department of Higher Education and Workforce Development (MDHEWD) est\u00e1n trabajando juntos con socios en todo el estado para asegurarse de que [&hellip;]<\/p>\n","protected":false},"author":1,"featured_media":0,"parent":0,"menu_order":0,"comment_status":"closed","ping_status":"closed","template":"","meta":{"om_disable_all_campaigns":false,"_uag_custom_page_level_css":"","_monsterinsights_skip_tracking":false,"_monsterinsights_sitenote_active":false,"_monsterinsights_sitenote_note":"","_monsterinsights_sitenote_category":0,"_uf_show_specific_survey":0,"_uf_disable_surveys":false,"site-sidebar-layout":"default","site-content-layout":"","ast-site-content-layout":"default","site-content-style":"default","site-sidebar-style":"default","ast-global-header-display":"","ast-banner-title-visibility":"","ast-main-header-display":"","ast-hfb-above-header-display":"","ast-hfb-below-header-display":"","ast-hfb-mobile-header-display":"","site-post-title":"disabled","ast-breadcrumbs-content":"","ast-featured-img":"","footer-sml-layout":"","ast-disable-related-posts":"","theme-transparent-header-meta":"","adv-header-id-meta":"","stick-header-meta":"","header-above-stick-meta":"","header-main-stick-meta":"","header-below-stick-meta":"","astra-migrate-meta-layouts":"default","ast-page-background-enabled":"default","ast-page-background-meta":{"desktop":{"background-color":"var(--ast-global-color-4)","background-image":"","background-repeat":"repeat","background-position":"center center","background-size":"auto","background-attachment":"scroll","background-type":"","background-media":"","overlay-type":"","overlay-color":"","overlay-opacity":"","overlay-gradient":""},"tablet":{"background-color":"","background-image":"","background-repeat":"repeat","background-position":"center center","background-size":"auto","background-attachment":"scroll","background-type":"","background-media":"","overlay-type":"","overlay-color":"","overlay-opacity":"","overlay-gradient":""},"mobile":{"background-color":"","background-image":"","background-repeat":"repeat","background-position":"center center","background-size":"auto","background-attachment":"scroll","background-type":"","background-media":"","overlay-type":"","overlay-color":"","overlay-opacity":"","overlay-gradient":""}},"ast-content-background-meta":{"desktop":{"background-color":"var(--ast-global-color-5)","background-image":"","background-repeat":"repeat","background-position":"center center","background-size":"auto","background-attachment":"scroll","background-type":"","background-media":"","overlay-type":"","overlay-color":"","overlay-opacity":"","overlay-gradient":""},"tablet":{"background-color":"var(--ast-global-color-5)","background-image":"","background-repeat":"repeat","background-position":"center center","background-size":"auto","background-attachment":"scroll","background-type":"","background-media":"","overlay-type":"","overlay-color":"","overlay-opacity":"","overlay-gradient":""},"mobile":{"background-color":"var(--ast-global-color-5)","background-image":"","background-repeat":"repeat","background-position":"center center","background-size":"auto","background-attachment":"scroll","background-type":"","background-media":"","overlay-type":"","overlay-color":"","overlay-opacity":"","overlay-gradient":""}},"footnotes":""},"class_list":["post-1637","page","type-page","status-publish","hentry"],"aioseo_notices":[],"uagb_featured_image_src":{"full":false,"thumbnail":false,"medium":false,"medium_large":false,"large":false,"1536x1536":false,"2048x2048":false,"gform-image-choice-sm":false,"gform-image-choice-md":false,"gform-image-choice-lg":false},"uagb_author_info":{"display_name":"mofafsa_admin","author_link":"https:\/\/mofafsa.org\/es\/author\/mofafsa_admin\/"},"uagb_comment_info":0,"uagb_excerpt":"Su atractivo encabezamiento Consejeros y asesores La FAFSA 2026-2027 ya est\u00e1 abierta. 01 Formaci\u00f3n Los departamentos de Missouri College and Career Attainment Network (MOCAN), Missouri Association of Student Financial Aid Personnel (MASFAP) y Missouri Department of Higher Education and Workforce Development (MDHEWD) est\u00e1n trabajando juntos con socios en todo el estado para asegurarse de que&hellip;","_links":{"self":[{"href":"https:\/\/mofafsa.org\/es\/wp-json\/wp\/v2\/pages\/1637","targetHints":{"allow":["GET"]}}],"collection":[{"href":"https:\/\/mofafsa.org\/es\/wp-json\/wp\/v2\/pages"}],"about":[{"href":"https:\/\/mofafsa.org\/es\/wp-json\/wp\/v2\/types\/page"}],"author":[{"embeddable":true,"href":"https:\/\/mofafsa.org\/es\/wp-json\/wp\/v2\/users\/1"}],"replies":[{"embeddable":true,"href":"https:\/\/mofafsa.org\/es\/wp-json\/wp\/v2\/comments?post=1637"}],"version-history":[{"count":103,"href":"https:\/\/mofafsa.org\/es\/wp-json\/wp\/v2\/pages\/1637\/revisions"}],"predecessor-version":[{"id":2554,"href":"https:\/\/mofafsa.org\/es\/wp-json\/wp\/v2\/pages\/1637\/revisions\/2554"}],"wp:attachment":[{"href":"https:\/\/mofafsa.org\/es\/wp-json\/wp\/v2\/media?parent=1637"}],"curies":[{"name":"wp","href":"https:\/\/api.w.org\/{rel}","templated":true}]}}