{"id":1621,"date":"2023-09-05T16:55:32","date_gmt":"2023-09-05T16:55:32","guid":{"rendered":"https:\/\/mofafsa.org\/padres\/"},"modified":"2025-10-01T22:15:54","modified_gmt":"2025-10-01T22:15:54","slug":"padres","status":"publish","type":"page","link":"https:\/\/mofafsa.org\/es\/padres\/","title":{"rendered":"Padres"},"content":{"rendered":"\n<div class=\"wp-block-uagb-container uagb-block-f5a18465 alignfull uagb-is-root-container\"><div class=\"uagb-container-inner-blocks-wrap\">\n<div class=\"wp-block-uagb-container uagb-block-e209f16e\">\n<div class=\"wp-block-uagb-advanced-heading uagb-block-637caee3\"><div class=\"uagb-separator\"><\/div><h6 class=\"uagb-heading-text\">Su atractivo encabezamiento<\/h6><\/div>\n<\/div>\n\n\n\n<div class=\"wp-block-uagb-container uagb-block-76fb3ccb\">\n<div class=\"wp-block-uagb-advanced-heading uagb-block-873ca15a\"><h1 class=\"uagb-heading-text\">Padres<\/h1><\/div>\n<\/div>\n<\/div><\/div>\n\n<div class=\"wp-block-uagb-container uagb-block-4c701ec1 alignfull uagb-is-root-container\"><div class=\"uagb-container-inner-blocks-wrap\">\n<div class=\"wp-block-uagb-container uagb-block-00b898d5\">\n<div class=\"wp-block-uagb-advanced-heading uagb-block-044e83b4\"><h2 class=\"uagb-heading-text\">Si tienes un hijo que piensa ir a la universidad, tienes un papel que desempe\u00f1ar en la cumplimentaci\u00f3n de la FAFSA.<\/h2><\/div>\n\n\n\n<p><\/p>\n\n\n\n<p class=\"has-ast-global-color-1-color has-text-color has-link-color has-medium-font-size wp-elements-2b8e825bfbe9a61aa7e45ceb50cccbdf\">La presentaci\u00f3n de la FAFSA es el primer paso de la ayuda financiera para pagar la universidad. Para la mayor\u00eda de los estudiantes, completar la FAFSA requiere informaci\u00f3n de uno de los padres. Presentar la FAFSA no significa que tengas que proporcionar ayuda econ\u00f3mica a tu hijo en la universidad, pero se requiere informaci\u00f3n de al menos uno de los progenitores para que tu hijo pueda cumplimentar la FAFSA y optar a las ayudas econ\u00f3micas, incluidas la Beca Pell, Access Missouri y el Programa A+.<\/p>\n\n\n\n<div class=\"wp-block-uagb-advanced-heading uagb-block-3596bf90\"><h2 class=\"uagb-heading-text\">\u00bfQui\u00e9n debe completar la informaci\u00f3n de los padres para FAFSA?<\/h2><\/div>\n\n\n\n<p class=\"has-medium-font-size\">El prop\u00f3sito de la FAFSA es determinar los ingresos familiares que pueden utilizarse para pagar la universidad. Para los estudiantes dependientes, la FAFSA requiere informaci\u00f3n financiera de al menos uno de los padres biol\u00f3gicos o adoptivos. La mayor\u00eda de los estudiantes menores de 24 a\u00f1os se consideran dependientes. Los tutores legales u otros familiares no deben completar la secci\u00f3n de informaci\u00f3n parental de la FAFSA.<\/p>\n\n\n\n<p class=\"has-medium-font-size\">En caso de separaci\u00f3n o divorcio, el progenitor que aporta la mayor parte de la ayuda econ\u00f3mica debe facilitar informaci\u00f3n financiera. Al cumplimentar la FAFSA, ver\u00e1s un Asistente para Padres que te ayudar\u00e1 a determinar a qui\u00e9n se considera padre o madre de cada estudiante solicitante. <a href=\"https:\/\/studentaid.gov\/fafsa-apply\/parents\">Esta herramienta<\/a> de la Ayuda Federal para Estudiantes puede ayudarte a decidir qui\u00e9n debe aportar informaci\u00f3n a la FAFSA.<\/p>\n\n\n\n<p class=\"has-medium-font-size\">Los padres que no tengan n\u00famero de la seguridad social tendr\u00e1n que aportar informaci\u00f3n a la FAFSA. Necesitar\u00e1n una FSA ID y pueden solicitarla <a href=\"https:\/\/studentaid.gov\/fsa-id\/create-account\/launch\">aqu\u00ed<\/a>. Al presentar la solicitud, haga clic en la casilla que dice \u00abNo tengo n\u00famero de la Seguridad Social\u00bb. Esto le llevar\u00e1 al proceso de creaci\u00f3n de una FSA ID sin n\u00famero de la seguridad social. La informaci\u00f3n de los padres se mantiene segura y s\u00f3lo se utiliza para determinar si el estudiante re\u00fane los requisitos para recibir ayuda econ\u00f3mica. <a href=\"https:\/\/www.ncan.org\/news\/652288\/Better-FAFSA-for-Mixed-Status-Families-Top-10-Things-to-Know-So-You-Can-Prepare.htm\">Este blog<\/a> de la National College Attainment Network tiene m\u00e1s informaci\u00f3n. <a href=\"https:\/\/www.nasfaa.org\/uploads\/documents\/Spanish_FSA_ID_without_SSN.pdf\">Haz clic aqu\u00ed<\/a> para obtener instrucciones en espa\u00f1ol sobre c\u00f3mo solicitar un FSAID sin n\u00famero de la Seguridad Social. <a href=\"https:\/\/www.higheredimmigrationportal.org\/resources\/fafsa-hub\/\" target=\"_blank\" rel=\"noreferrer noopener\">Esta p\u00e1gina<\/a> tiene recursos para familias con estatus mixto.<\/p>\n\n\n\n<p class=\"has-medium-font-size\">\u00bfTienes curiosidad por saber a qu\u00e9 ayudas puede optar tu estudiante? Utiliza el <a href=\"https:\/\/studentaid.gov\/aid-estimator\/\">Estimador de Ayuda Federal al Estudiante<\/a> para recibir una estimaci\u00f3n del \u00cdndice de Ayuda Estudiantil e informaci\u00f3n sobre la elegibilidad Pell.   <\/p>\n<\/div>\n<\/div><\/div>\n\n<div class=\"wp-block-uagb-container uagb-block-f7330f0c alignfull uagb-is-root-container\"><div class=\"uagb-container-inner-blocks-wrap\">\n<div class=\"wp-block-uagb-advanced-heading uagb-block-e7b45fb3\"><h2 class=\"uagb-heading-text\">Qu\u00e9 deben hacer los padres  <\/h2><\/div>\n\n\n\n<div class=\"wp-block-uagb-advanced-heading uagb-block-87bd6b4e\"><h4 class=\"uagb-heading-text\">Paso 1: Crear un FSA ID<\/h4><\/div>\n\n\n\n<p class=\"has-medium-font-size\">Deber\u00e1 crear una identificaci\u00f3n de Ayuda Federal para Estudiantes independiente de la de su hijo, utilizando su propio n\u00famero de tel\u00e9fono y direcci\u00f3n de correo electr\u00f3nico para verificar la cuenta. Su <a href=\"https:\/\/studentaid.gov\/fsa-id\/create-account\/launch\">FSA ID<\/a> es el nombre de usuario y la contrase\u00f1a que utilizar\u00e1 para acceder a todos los sitios web de Ayuda Federal para Estudiantes, incluido <a href=\"http:\/\/studentaid.gov\">StudentAid.gov<\/a>, donde se encuentra el formulario FAFSA. Antes de que puedas iniciar tu FAFSA, debes tener una FSA ID. Si ya ha creado un FSA ID, no es necesario que cree uno nuevo.<\/p>\n\n\n\n<p class=\"has-medium-font-size\">Para m\u00e1s informaci\u00f3n sobre c\u00f3mo crear un FSA ID, consulta <a href=\"https:\/\/sfstl.org\/wp-content\/uploads\/2023\/07\/FSA-ID-One-Pager-revised-July-2023.pdf\">este recurso<\/a> de <a href=\"https:\/\/sfstl.org\/\">The Scholarship Foundation of St. Louis<\/a> o visita <a href=\"https:\/\/studentaid.gov\/resources\/prepare-for-college\/creating-your-account\">esta p\u00e1gina<\/a> de Federal Student Aid.  <\/p>\n\n\n\n<p><\/p>\n\n\n\n<div class=\"wp-block-group is-layout-constrained wp-block-group-is-layout-constrained\">\n<ul class=\"wp-block-list\">\n<li><\/li>\n<\/ul>\n<\/div>\n\n\n\n<div class=\"wp-block-uagb-advanced-heading uagb-block-bc50ad0e\"><h4 class=\"uagb-heading-text\">Paso 2: Recopilar informaci\u00f3n<\/h4><\/div>\n\n\n\n<p class=\"has-medium-font-size\">Antes de rellenar tu FAFSA, aseg\u00farate de que tienes a mano la siguiente informaci\u00f3n. La misma informaci\u00f3n es necesaria para la FAFSA 2026-2027, pero necesitar\u00e1s tu informaci\u00f3n fiscal de 2024.   <\/p>\n\n\n\n<figure class=\"wp-block-image size-full\"><img loading=\"lazy\" decoding=\"async\" width=\"2048\" height=\"1153\" src=\"https:\/\/mofafsa.org\/wp-content\/uploads\/2024\/10\/fafsa-docs-25-26.jpg\" alt=\"\" class=\"wp-image-2357\" srcset=\"https:\/\/mofafsa.org\/wp-content\/uploads\/2024\/10\/fafsa-docs-25-26.jpg 2048w, https:\/\/mofafsa.org\/wp-content\/uploads\/2024\/10\/fafsa-docs-25-26-300x169.jpg 300w, https:\/\/mofafsa.org\/wp-content\/uploads\/2024\/10\/fafsa-docs-25-26-1024x577.jpg 1024w, https:\/\/mofafsa.org\/wp-content\/uploads\/2024\/10\/fafsa-docs-25-26-768x432.jpg 768w, https:\/\/mofafsa.org\/wp-content\/uploads\/2024\/10\/fafsa-docs-25-26-1536x865.jpg 1536w\" sizes=\"auto, (max-width: 2048px) 100vw, 2048px\" \/><\/figure>\n\n\n\n<hr class=\"wp-block-separator has-text-color has-ast-global-color-5-color has-alpha-channel-opacity has-ast-global-color-5-background-color has-background\"\/>\n\n\n\n<div class=\"wp-block-uagb-advanced-heading uagb-block-3df79ecc\"><h4 class=\"uagb-heading-text\">Paso 3: Llenar FAFSA<\/h4><\/div>\n\n\n\n<p class=\"has-medium-font-size\">Su hijo iniciar\u00e1 FAFSA usando su propia FSA ID, y lo invitar\u00e1 a usted como contribuyente a ingresar su informaci\u00f3n financiera. Recibir\u00e1s un correo electr\u00f3nico de Ayuda Federal al Estudiante con un enlace para iniciar sesi\u00f3n. Tu estudiante tambi\u00e9n recibir\u00e1 un c\u00f3digo que podr\u00e1 utilizar para iniciar sesi\u00f3n y contribuir a su formulario. <\/p>\n\n\n\n<p class=\"has-medium-font-size\">  Cada programa escolar y estatal tiene diferentes plazos de prioridad. Aunque no por ello el estudiante dejar\u00e1 de cumplir los requisitos si se le pasa una fecha l\u00edmite de prioridad, la financiaci\u00f3n en muchos programas se ofrece por orden de llegada, as\u00ed que aseg\u00farate de presentar la solicitud pronto.<\/p>\n\n\n\n<p class=\"has-text-align-center has-large-font-size\"><a href=\"https:\/\/studentaid.gov\/h\/apply-for-aid\/fafsa\">Haga clic aqu\u00ed para iniciar su FAFSA<\/a><\/p>\n\n\n\n<p class=\"has-medium-font-size\">Consulte estos consejos y trucos de <a href=\"https:\/\/studentaid.gov\/announcements-events\/fafsa-support\/pro-tips\">la FSA <\/a>y <a href=\"https:\/\/mocollegecareer.org\/2024-2025-fafsa-completion-tips-and-tricks\/\">MOCAN <\/a>si tiene problemas para completar la FAFSA.<\/p>\n\n\n\n<hr class=\"wp-block-separator has-text-color has-ast-global-color-5-color has-alpha-channel-opacity has-ast-global-color-5-background-color has-background\"\/>\n\n\n\n<div class=\"wp-block-uagb-advanced-heading uagb-block-b23bc5cc\"><h4 class=\"uagb-heading-text\">Paso 4: Revise su solicitud FAFSA<\/h4><\/div>\n\n\n\n<p class=\"has-medium-font-size\">Revise su FAFSA para asegurarse de que este correcta y precisa, realice las correcciones necesarias antes de pulsar enviar. Para que la FAFSA est\u00e9 completamente presentada, tanto el estudiante como sus padres deben rellenar y firmar sus secciones. Quien complete en \u00faltimo lugar puede enviar la solicitud FAFSA. Recibir\u00e1 un correo electr\u00f3nico de confirmaci\u00f3n de parte de Federal Student Aid. Si no es as\u00ed, vuelve a conectarte para asegurarte de que todo se ha completado.      <\/p>\n\n\n\n<hr class=\"wp-block-separator has-text-color has-ast-global-color-5-color has-alpha-channel-opacity has-ast-global-color-5-background-color has-background\"\/>\n\n\n\n<div class=\"wp-block-uagb-advanced-heading uagb-block-0da6f96a\"><h4 class=\"uagb-heading-text\">Paso 5: Despu\u00e9s de presentar la solicitud<\/h4><\/div>\n\n\n\n<p class=\"has-medium-font-size\">Tu hijo puede esperar recibir un informe llamado Resumen de Presentaci\u00f3n de la FAFSA (FSS) con su \u00cdndice de Ayuda Estudiantil (SAI) unos d\u00edas despu\u00e9s de presentar su FAFSA. El FSS le informa de la ayuda federal que su hijo puede esperar recibir y de lo que se espera que pague por su educaci\u00f3n. Este no incluir\u00e1n las ayudas estatales, becas institucionales o becas privadas.<\/p>\n\n\n\n<p class=\"has-medium-font-size\">Si observas un asterisco (*) junto a la EFS en el correo electr\u00f3nico de confirmaci\u00f3n de la FAFSA o en el Resumen de presentaci\u00f3n de la FAFSA, significa que la FAFSA ha sido marcada para verificaci\u00f3n y que la universidad puede pedirte documentaci\u00f3n adicional. Haz que tu alumno compruebe su correo electr\u00f3nico y el portal de comunicaci\u00f3n de la universidad para estar al d\u00eda. <\/p>\n\n\n\n<div class=\"wp-block-uagb-separator uagb-block-819d4438\"><div class=\"uagb-separator-spacing-wrapper\"><div class=\"wp-block-uagb-separator__inner\" style=\"--my-background-image:\"><\/div><\/div><\/div>\n\n\n\n<div class=\"wp-block-uagb-advanced-heading uagb-block-786dc0b8\"><h4 class=\"uagb-heading-text\">Visite la <a href=\"https:\/\/mofafsa.org\/es\/estudiantes\/\" target=\"_blank\" rel=\"noreferrer noopener\">p\u00e1gina para estudiantes<\/a> de MOFAFSA.org para obtener recursos adicionales y m\u00e1s informaci\u00f3n sobre los pr\u00f3ximos eventos para completar la FAFSA.  <\/h4><\/div>\n\n\n\n<div class=\"wp-block-uagb-separator uagb-block-70f39634\"><div class=\"uagb-separator-spacing-wrapper\"><div class=\"wp-block-uagb-separator__inner\" style=\"--my-background-image:\"><\/div><\/div><\/div>\n\n\n\n<div class=\"wp-block-uagb-advanced-heading uagb-block-0c95ece2\"><h4 class=\"uagb-heading-text\">Consulta esta <a href=\"https:\/\/docs.google.com\/document\/d\/1ESLULj4NVWp3ITTdbnUEo2NzO8j2Y7vMD6dF0xC9wWE\/edit\">biblioteca de recursos<\/a> de Get Schooled para obtener informaci\u00f3n detallada sobre cada paso del proceso FAFSA. Muchos documentos tambi\u00e9n est\u00e1n disponibles en espa\u00f1ol.  <\/h4><\/div>\n\n\n\n<div style=\"height:30px\" aria-hidden=\"true\" class=\"wp-block-spacer\"><\/div>\n\n\n\n<div class=\"wp-block-uagb-container uagb-block-befb9694\"><\/div>\n<\/div><\/div>\n","protected":false},"excerpt":{"rendered":"<p>Su atractivo encabezamiento Padres Si tienes un hijo que piensa ir a la universidad, tienes un papel que desempe\u00f1ar en la cumplimentaci\u00f3n de la FAFSA. La presentaci\u00f3n de la FAFSA es el primer paso de la ayuda financiera para pagar la universidad. Para la mayor\u00eda de los estudiantes, completar la FAFSA requiere informaci\u00f3n de uno [&hellip;]<\/p>\n","protected":false},"author":1,"featured_media":0,"parent":0,"menu_order":0,"comment_status":"closed","ping_status":"closed","template":"","meta":{"om_disable_all_campaigns":false,"_uag_custom_page_level_css":"","_monsterinsights_skip_tracking":false,"_monsterinsights_sitenote_active":false,"_monsterinsights_sitenote_note":"","_monsterinsights_sitenote_category":0,"_uf_show_specific_survey":0,"_uf_disable_surveys":false,"site-sidebar-layout":"default","site-content-layout":"","ast-site-content-layout":"default","site-content-style":"default","site-sidebar-style":"default","ast-global-header-display":"","ast-banner-title-visibility":"","ast-main-header-display":"","ast-hfb-above-header-display":"","ast-hfb-below-header-display":"","ast-hfb-mobile-header-display":"","site-post-title":"disabled","ast-breadcrumbs-content":"","ast-featured-img":"","footer-sml-layout":"","ast-disable-related-posts":"","theme-transparent-header-meta":"","adv-header-id-meta":"","stick-header-meta":"","header-above-stick-meta":"","header-main-stick-meta":"","header-below-stick-meta":"","astra-migrate-meta-layouts":"default","ast-page-background-enabled":"default","ast-page-background-meta":{"desktop":{"background-color":"var(--ast-global-color-4)","background-image":"","background-repeat":"repeat","background-position":"center center","background-size":"auto","background-attachment":"scroll","background-type":"","background-media":"","overlay-type":"","overlay-color":"","overlay-opacity":"","overlay-gradient":""},"tablet":{"background-color":"","background-image":"","background-repeat":"repeat","background-position":"center center","background-size":"auto","background-attachment":"scroll","background-type":"","background-media":"","overlay-type":"","overlay-color":"","overlay-opacity":"","overlay-gradient":""},"mobile":{"background-color":"","background-image":"","background-repeat":"repeat","background-position":"center center","background-size":"auto","background-attachment":"scroll","background-type":"","background-media":"","overlay-type":"","overlay-color":"","overlay-opacity":"","overlay-gradient":""}},"ast-content-background-meta":{"desktop":{"background-color":"var(--ast-global-color-5)","background-image":"","background-repeat":"repeat","background-position":"center center","background-size":"auto","background-attachment":"scroll","background-type":"","background-media":"","overlay-type":"","overlay-color":"","overlay-opacity":"","overlay-gradient":""},"tablet":{"background-color":"var(--ast-global-color-5)","background-image":"","background-repeat":"repeat","background-position":"center center","background-size":"auto","background-attachment":"scroll","background-type":"","background-media":"","overlay-type":"","overlay-color":"","overlay-opacity":"","overlay-gradient":""},"mobile":{"background-color":"var(--ast-global-color-5)","background-image":"","background-repeat":"repeat","background-position":"center center","background-size":"auto","background-attachment":"scroll","background-type":"","background-media":"","overlay-type":"","overlay-color":"","overlay-opacity":"","overlay-gradient":""}},"footnotes":""},"class_list":["post-1621","page","type-page","status-publish","hentry"],"aioseo_notices":[],"uagb_featured_image_src":{"full":false,"thumbnail":false,"medium":false,"medium_large":false,"large":false,"1536x1536":false,"2048x2048":false,"gform-image-choice-sm":false,"gform-image-choice-md":false,"gform-image-choice-lg":false},"uagb_author_info":{"display_name":"mofafsa_admin","author_link":"https:\/\/mofafsa.org\/es\/author\/mofafsa_admin\/"},"uagb_comment_info":0,"uagb_excerpt":"Su atractivo encabezamiento Padres Si tienes un hijo que piensa ir a la universidad, tienes un papel que desempe\u00f1ar en la cumplimentaci\u00f3n de la FAFSA. La presentaci\u00f3n de la FAFSA es el primer paso de la ayuda financiera para pagar la universidad. Para la mayor\u00eda de los estudiantes, completar la FAFSA requiere informaci\u00f3n de uno&hellip;","_links":{"self":[{"href":"https:\/\/mofafsa.org\/es\/wp-json\/wp\/v2\/pages\/1621","targetHints":{"allow":["GET"]}}],"collection":[{"href":"https:\/\/mofafsa.org\/es\/wp-json\/wp\/v2\/pages"}],"about":[{"href":"https:\/\/mofafsa.org\/es\/wp-json\/wp\/v2\/types\/page"}],"author":[{"embeddable":true,"href":"https:\/\/mofafsa.org\/es\/wp-json\/wp\/v2\/users\/1"}],"replies":[{"embeddable":true,"href":"https:\/\/mofafsa.org\/es\/wp-json\/wp\/v2\/comments?post=1621"}],"version-history":[{"count":65,"href":"https:\/\/mofafsa.org\/es\/wp-json\/wp\/v2\/pages\/1621\/revisions"}],"predecessor-version":[{"id":2566,"href":"https:\/\/mofafsa.org\/es\/wp-json\/wp\/v2\/pages\/1621\/revisions\/2566"}],"wp:attachment":[{"href":"https:\/\/mofafsa.org\/es\/wp-json\/wp\/v2\/media?parent=1621"}],"curies":[{"name":"wp","href":"https:\/\/api.w.org\/{rel}","templated":true}]}}