{"id":1615,"date":"2022-12-18T23:16:42","date_gmt":"2022-12-18T23:16:42","guid":{"rendered":"https:\/\/mofafsa.org\/quienes-somos\/"},"modified":"2025-04-10T18:01:53","modified_gmt":"2025-04-10T18:01:53","slug":"quienes-somos","status":"publish","type":"page","link":"https:\/\/mofafsa.org\/es\/quienes-somos\/","title":{"rendered":"Qui\u00e9nes somos"},"content":{"rendered":"\n<div class=\"wp-block-uagb-container uagb-block-f5a18465 alignfull uagb-is-root-container\"><div class=\"uagb-container-inner-blocks-wrap\">\n<div class=\"wp-block-uagb-container uagb-block-e209f16e\">\n<div class=\"wp-block-uagb-advanced-heading uagb-block-637caee3\"><div class=\"uagb-separator\"><\/div><h6 class=\"uagb-heading-text\">Su atractivo encabezamiento<\/h6><\/div>\n<\/div>\n\n\n\n<div class=\"wp-block-uagb-container uagb-block-76fb3ccb\">\n<div class=\"wp-block-uagb-advanced-heading uagb-block-873ca15a\"><h1 class=\"uagb-heading-text\">Qui\u00e9nes somos<\/h1><\/div>\n<\/div>\n<\/div><\/div>\n\n<div class=\"wp-block-uagb-container uagb-block-4c701ec1 alignfull uagb-is-root-container\"><div class=\"uagb-container-inner-blocks-wrap\">\n<div class=\"wp-block-uagb-container uagb-block-02709f65\">\n<div class=\"wp-block-uagb-advanced-heading uagb-block-407421e5\"><h6 class=\"uagb-heading-text\">01<\/h6><\/div>\n\n\n\n<div class=\"wp-block-uagb-advanced-heading uagb-block-8588c656\"><h5 class=\"uagb-heading-text\">Acerca de MOCAN<\/h5><\/div>\n<\/div>\n\n\n\n<div class=\"wp-block-uagb-container uagb-block-00b898d5\">\n<div class=\"wp-block-uagb-advanced-heading uagb-block-fcc87e29\"><h2 class=\"uagb-heading-text\">Qui\u00e9nes somos<\/h2><\/div>\n<\/div>\n<\/div><\/div>\n\n<div class=\"wp-block-uagb-container uagb-block-50c8842e alignfull uagb-is-root-container\"><div class=\"uagb-container-inner-blocks-wrap\">\n<div class=\"wp-block-uagb-container uagb-block-af5d1fa2\">\n<div class=\"wp-block-uagb-advanced-heading uagb-block-044e83b4\"><h3 class=\"uagb-heading-text\">La Missouri College and Career Attainment Network (MOCAN) transforma vidas ampliando las oportunidades de educaci\u00f3n postsecundaria para los habitantes de Missouri con bajos ingresos.  <\/h3><\/div>\n<\/div>\n\n\n\n<div class=\"wp-block-media-text has-media-on-the-right is-stacked-on-mobile\" style=\"grid-template-columns:auto 26%\"><div class=\"wp-block-media-text__content\">\n<p><\/p>\n\n\n\n<p><\/p>\n\n\n\n<p class=\"has-medium-font-size\">MOCAN trabaja con socios en todo el estado para abordar los mayores retos a los que se enfrentan los estudiantes que buscan una credencial post secundaria:<\/p>\n\n\n\n<ul class=\"wp-block-list has-medium-font-size\">\n<li>Acceso: saber c\u00f3mo planificar la educaci\u00f3n y la formaci\u00f3n m\u00e1s all\u00e1 de la ense\u00f1anza de escuela superior.<\/li>\n\n\n\n<li>Accesibilidad: disponer de los recursos financieros necesarios para graduarse con una deuda m\u00ednima o nula.<\/li>\n\n\n\n<li>Exito: contar con el apoyo institucional necesario para matricularse, perseverar y obtener un t\u00edtulo o certificado acorde con los objetivos profesionales.<\/li>\n<\/ul>\n<\/div><figure class=\"wp-block-media-text__media\"><a href=\"mocollegecareer.org\"><img loading=\"lazy\" decoding=\"async\" width=\"300\" height=\"249\" src=\"https:\/\/mofafsa.org\/wp-content\/uploads\/2023\/09\/inverse-stacked-mocan-logo.png\" alt=\"MOCAN\" class=\"wp-image-1317 size-full\"\/><\/a><\/figure><\/div>\n<\/div><\/div>\n\n<hr class=\"wp-block-separator has-alpha-channel-opacity\"\/>\n\n<div class=\"wp-block-uagb-container uagb-block-c1bb4c1b alignfull uagb-is-root-container\"><div class=\"uagb-container-inner-blocks-wrap\">\n<div class=\"wp-block-uagb-container uagb-block-ddf2e4c3\">\n<div class=\"wp-block-uagb-advanced-heading uagb-block-88eb392a\"><h6 class=\"uagb-heading-text\">02<\/h6><\/div>\n\n\n\n<div class=\"wp-block-uagb-advanced-heading uagb-block-ef4cf9aa\"><h5 class=\"uagb-heading-text\">Algunos de<\/h5><\/div>\n<\/div>\n\n\n\n<div class=\"wp-block-uagb-container uagb-block-dd96b9a3\">\n<div class=\"wp-block-uagb-advanced-heading uagb-block-2595ff39\"><h2 class=\"uagb-heading-text\">Nuestros socios<\/h2><\/div>\n<\/div>\n\n\n\n<div class=\"wp-block-uagb-container uagb-block-45d56e7b\"><\/div>\n<\/div><\/div>\n\n<div class=\"wp-block-columns is-layout-flex wp-container-core-columns-is-layout-28f84493 wp-block-columns-is-layout-flex\">\n<div class=\"wp-block-column is-layout-flow wp-block-column-is-layout-flow\">\n<p class=\"has-text-align-center has-medium-font-size\"><a href=\"http:\/\/mocollegecareer.org\" data-type=\"link\" data-id=\"mocollegecareer.org\"><strong>Red de Universidades y Carreras Profesionales de Missouri<\/strong><\/a><\/p>\n\n\n\n<p class=\"has-text-align-center has-medium-font-size\"><strong><a href=\"https:\/\/www.ncan.org\/\">Red nacional de acceso a la universidad<\/a><\/strong><\/p>\n\n\n\n<p class=\"has-text-align-center has-medium-font-size\"><strong><a href=\"https:\/\/stlgives.org\/\" data-type=\"link\" data-id=\"https:\/\/stlgives.org\/\">Fundaci\u00f3n Comunitaria de San Luis  <\/a><\/strong><\/p>\n\n\n\n<p class=\"has-text-align-center has-medium-font-size\"><strong><a href=\"https:\/\/kcscholars.org\/\">Becarios KC<\/a><\/strong><\/p>\n\n\n\n<p class=\"has-text-align-center has-medium-font-size\"><strong><a href=\"https:\/\/www.otc.edu\/\">Escuela T\u00e9cnica Superior de Ozarks<\/a><\/strong><\/p>\n\n\n\n<p class=\"has-text-align-center has-medium-font-size\"><a href=\"https:\/\/debruce.org\/\" data-type=\"link\" data-id=\"https:\/\/debruce.org\/\">Fundaci\u00f3n DeBruce<strong> <\/strong><\/a><\/p>\n<\/div>\n\n\n\n<div class=\"wp-block-column is-layout-flow wp-block-column-is-layout-flow\">\n<p class=\"has-text-align-center has-medium-font-size\"><strong><a href=\"https:\/\/www.uaspire.org\/\">uAspire<\/a><\/strong><\/p>\n\n\n\n<p class=\"has-text-align-center has-medium-font-size\"><strong><a href=\"https:\/\/masfap.memberclicks.net\/\">Asociaci\u00f3n de Personal de Ayuda Financiera a Estudiantes de Missouri<\/a><\/strong><\/p>\n\n\n\n<p class=\"has-text-align-center has-medium-font-size\"><a href=\"https:\/\/rootedalliance.org\/\"><strong>Alianza rootEd<\/strong><\/a><\/p>\n\n\n\n<p class=\"has-text-align-center has-medium-font-size\"><strong><a href=\"http:\/\/sfstl.org\">La Fundaci\u00f3n de Becas de St.  <\/a><\/strong><\/p>\n\n\n\n<p class=\"has-text-align-center has-medium-font-size\"><strong><a href=\"https:\/\/www.ucmo.edu\/\">Universidad de Missouri Central  <\/a><\/strong><\/p>\n<\/div>\n\n\n\n<div class=\"wp-block-column is-layout-flow wp-block-column-is-layout-flow\">\n<p class=\"has-text-align-center has-medium-font-size\"><strong><a href=\"https:\/\/dhewd.mo.gov\/\">Departamento de Ense\u00f1anza Superior y Desarrollo de la Mano de Obra  <\/a><\/strong><\/p>\n\n\n\n<p class=\"has-text-align-center has-medium-font-size\"><strong><a href=\"https:\/\/www.moslf.org\/\">Fundaci\u00f3n de Becas y Pr\u00e9stamos de Missouri  <\/a><\/strong><\/p>\n\n\n\n<p class=\"has-text-align-center has-medium-font-size\"><strong><a href=\"https:\/\/www.hdfkc.org\/\">Fondo de Desarrollo Hispano  <\/a><\/strong><\/p>\n\n\n\n<p class=\"has-text-align-center has-medium-font-size\"><strong><a href=\"https:\/\/mcac.missouri.edu\/\">Cuerpo de Asesores Universitarios de Missouri<\/a><\/strong><\/p>\n\n\n\n<p class=\"has-text-align-center has-medium-font-size\"><strong><a href=\"https:\/\/www.ucityschools.org\/domain\/900\">Instituto de Ciudad Universitaria  <\/a><\/strong><\/p>\n<\/div>\n<\/div>\n","protected":false},"excerpt":{"rendered":"<p>Su atractivo encabezamiento Qui\u00e9nes somos 01 Acerca de MOCAN Qui\u00e9nes somos La Missouri College and Career Attainment Network (MOCAN) transforma vidas ampliando las oportunidades de educaci\u00f3n postsecundaria para los habitantes de Missouri con bajos ingresos. MOCAN trabaja con socios en todo el estado para abordar los mayores retos a los que se enfrentan los estudiantes [&hellip;]<\/p>\n","protected":false},"author":1,"featured_media":0,"parent":0,"menu_order":0,"comment_status":"closed","ping_status":"closed","template":"","meta":{"om_disable_all_campaigns":false,"_uag_custom_page_level_css":"","_monsterinsights_skip_tracking":false,"_monsterinsights_sitenote_active":false,"_monsterinsights_sitenote_note":"","_monsterinsights_sitenote_category":0,"_uf_show_specific_survey":0,"_uf_disable_surveys":false,"site-sidebar-layout":"default","site-content-layout":"","ast-site-content-layout":"default","site-content-style":"default","site-sidebar-style":"default","ast-global-header-display":"","ast-banner-title-visibility":"","ast-main-header-display":"","ast-hfb-above-header-display":"","ast-hfb-below-header-display":"","ast-hfb-mobile-header-display":"","site-post-title":"disabled","ast-breadcrumbs-content":"","ast-featured-img":"","footer-sml-layout":"","ast-disable-related-posts":"","theme-transparent-header-meta":"enabled","adv-header-id-meta":"","stick-header-meta":"","header-above-stick-meta":"","header-main-stick-meta":"","header-below-stick-meta":"","astra-migrate-meta-layouts":"default","ast-page-background-enabled":"default","ast-page-background-meta":{"desktop":{"background-color":"var(--ast-global-color-4)","background-image":"","background-repeat":"repeat","background-position":"center center","background-size":"auto","background-attachment":"scroll","background-type":"","background-media":"","overlay-type":"","overlay-color":"","overlay-opacity":"","overlay-gradient":""},"tablet":{"background-color":"","background-image":"","background-repeat":"repeat","background-position":"center center","background-size":"auto","background-attachment":"scroll","background-type":"","background-media":"","overlay-type":"","overlay-color":"","overlay-opacity":"","overlay-gradient":""},"mobile":{"background-color":"","background-image":"","background-repeat":"repeat","background-position":"center center","background-size":"auto","background-attachment":"scroll","background-type":"","background-media":"","overlay-type":"","overlay-color":"","overlay-opacity":"","overlay-gradient":""}},"ast-content-background-meta":{"desktop":{"background-color":"var(--ast-global-color-5)","background-image":"","background-repeat":"repeat","background-position":"center center","background-size":"auto","background-attachment":"scroll","background-type":"","background-media":"","overlay-type":"","overlay-color":"","overlay-opacity":"","overlay-gradient":""},"tablet":{"background-color":"var(--ast-global-color-5)","background-image":"","background-repeat":"repeat","background-position":"center center","background-size":"auto","background-attachment":"scroll","background-type":"","background-media":"","overlay-type":"","overlay-color":"","overlay-opacity":"","overlay-gradient":""},"mobile":{"background-color":"var(--ast-global-color-5)","background-image":"","background-repeat":"repeat","background-position":"center center","background-size":"auto","background-attachment":"scroll","background-type":"","background-media":"","overlay-type":"","overlay-color":"","overlay-opacity":"","overlay-gradient":""}},"footnotes":""},"class_list":["post-1615","page","type-page","status-publish","hentry"],"aioseo_notices":[],"uagb_featured_image_src":{"full":false,"thumbnail":false,"medium":false,"medium_large":false,"large":false,"1536x1536":false,"2048x2048":false,"gform-image-choice-sm":false,"gform-image-choice-md":false,"gform-image-choice-lg":false},"uagb_author_info":{"display_name":"mofafsa_admin","author_link":"https:\/\/mofafsa.org\/es\/author\/mofafsa_admin\/"},"uagb_comment_info":0,"uagb_excerpt":"Su atractivo encabezamiento Qui\u00e9nes somos 01 Acerca de MOCAN Qui\u00e9nes somos La Missouri College and Career Attainment Network (MOCAN) transforma vidas ampliando las oportunidades de educaci\u00f3n postsecundaria para los habitantes de Missouri con bajos ingresos. MOCAN trabaja con socios en todo el estado para abordar los mayores retos a los que se enfrentan los estudiantes&hellip;","_links":{"self":[{"href":"https:\/\/mofafsa.org\/es\/wp-json\/wp\/v2\/pages\/1615","targetHints":{"allow":["GET"]}}],"collection":[{"href":"https:\/\/mofafsa.org\/es\/wp-json\/wp\/v2\/pages"}],"about":[{"href":"https:\/\/mofafsa.org\/es\/wp-json\/wp\/v2\/types\/page"}],"author":[{"embeddable":true,"href":"https:\/\/mofafsa.org\/es\/wp-json\/wp\/v2\/users\/1"}],"replies":[{"embeddable":true,"href":"https:\/\/mofafsa.org\/es\/wp-json\/wp\/v2\/comments?post=1615"}],"version-history":[{"count":10,"href":"https:\/\/mofafsa.org\/es\/wp-json\/wp\/v2\/pages\/1615\/revisions"}],"predecessor-version":[{"id":2494,"href":"https:\/\/mofafsa.org\/es\/wp-json\/wp\/v2\/pages\/1615\/revisions\/2494"}],"wp:attachment":[{"href":"https:\/\/mofafsa.org\/es\/wp-json\/wp\/v2\/media?parent=1615"}],"curies":[{"name":"wp","href":"https:\/\/api.w.org\/{rel}","templated":true}]}}